{"id":157,"date":"2015-10-15T13:46:32","date_gmt":"2015-10-15T12:46:32","guid":{"rendered":"http:\/\/c02.lx.cloud5.be\/~bowipump\/?page_id=157"},"modified":"2018-02-14T13:48:36","modified_gmt":"2018-02-14T12:48:36","slug":"over-ons-4","status":"publish","type":"page","link":"https:\/\/www.bowipumps.be\/fr\/over-ons-4\/","title":{"rendered":"A propos de nous"},"content":{"rendered":"<p>Bowi Pumps &amp; Levels est une soci\u00e9t\u00e9 sp\u00e9cialis\u00e9e dans le contr\u00f4le des fluides, plus particuli\u00e8rement la s\u00e9lection, le dimensionnement et la fourniture de pompes, vannes, vannes de r\u00e9gulation et l&rsquo;instrumentation.<\/p>\n<p>Des simples composants aux solutions cl\u00e9s en main, des liquides neutres aux solutions corrosives, abrasives, antid\u00e9flagrantes et autres, y compris si n\u00e9cessaire, le pr\u00e9-assemblage, le montage sur site, la mise en service et la formation du client. Nos ing\u00e9nieurs parlent couramment l\u2019anglais, le fran\u00e7ais, le n\u00e9erlandais et l\u2019allemand et ont plus de 20 ans d&rsquo;exp\u00e9rience dans l&rsquo;automatisation industrielle.<\/p>\n<hr \/>\n<p align=\"LEFT\"><strong>LES APPLICATIONS EXIGEANTES CONSTITUENT UN CADRE ID\u00c9AL POUR LA GAMME DE PRODUITS BOWI<\/strong><\/p>\n<table style=\"width: 1249px;\">\n<tbody>\n<tr>\n<td style=\"width: 600.07px; text-align: left;\">Une passion sans borne pour la technologie et en particulier pour les pompes, des conseils judicieux par rapport aux mod\u00e8les les mieux adapt\u00e9es \u00e0 votre application sp\u00e9cifique : telle est la philosophie autour de laquelle s\u2019articule la mission de Bowi Pumps &amp; Levels. C\u2019est encore plus vrai depuis que Jean-Paul Jackers a repris les r\u00eanes de l\u2019entreprise il y a pr\u00e8s de quatre ans. Forte de sa gamme de produits de qualit\u00e9 et de fabrication allemande, l\u2019entreprise a su d\u00e9montrer la valeur ajout\u00e9e dont elle est porteuse, en particulier dans le cadre d\u2019applications exigeantes o\u00f9 la mise en \u0153uvre de solutions r\u00e9sistantes \u00e0 la corrosion et \u00e0 l\u2019abrasion rev\u00eat une importance cruciale. L\u2019entreprise doit \u00e9galement sa croissance appr\u00e9ciable \u00e0 un service \u00e0 la client\u00e8le tr\u00e8s d\u00e9velopp\u00e9.\u00a0 <span style=\"color: #3366ff;\">PAR BART VANCAUWENBERGHE<\/span><\/td>\n<td style=\"width: 651.92px;\"><a href=\"http:\/\/www.bowipumps.be\/wp-content\/uploads\/2018\/02\/2273bb6c-19f2-4455-9ae0-9cfeeffd6c38.jpg\" data-lightbox=\"lightbox\"><img loading=\"lazy\" class=\"alignnone wp-image-1075\" src=\"http:\/\/www.bowipumps.be\/wp-content\/uploads\/2018\/02\/2273bb6c-19f2-4455-9ae0-9cfeeffd6c38-300x122.jpg\" alt=\"\" width=\"639\" height=\"260\" srcset=\"https:\/\/www.bowipumps.be\/wp-content\/uploads\/2018\/02\/2273bb6c-19f2-4455-9ae0-9cfeeffd6c38-300x122.jpg 300w, https:\/\/www.bowipumps.be\/wp-content\/uploads\/2018\/02\/2273bb6c-19f2-4455-9ae0-9cfeeffd6c38-768x312.jpg 768w, https:\/\/www.bowipumps.be\/wp-content\/uploads\/2018\/02\/2273bb6c-19f2-4455-9ae0-9cfeeffd6c38-1024x416.jpg 1024w, https:\/\/www.bowipumps.be\/wp-content\/uploads\/2018\/02\/2273bb6c-19f2-4455-9ae0-9cfeeffd6c38-250x101.jpg 250w, https:\/\/www.bowipumps.be\/wp-content\/uploads\/2018\/02\/2273bb6c-19f2-4455-9ae0-9cfeeffd6c38-550x223.jpg 550w, https:\/\/www.bowipumps.be\/wp-content\/uploads\/2018\/02\/2273bb6c-19f2-4455-9ae0-9cfeeffd6c38-800x325.jpg 800w, https:\/\/www.bowipumps.be\/wp-content\/uploads\/2018\/02\/2273bb6c-19f2-4455-9ae0-9cfeeffd6c38-444x180.jpg 444w, https:\/\/www.bowipumps.be\/wp-content\/uploads\/2018\/02\/2273bb6c-19f2-4455-9ae0-9cfeeffd6c38-739x300.jpg 739w, https:\/\/www.bowipumps.be\/wp-content\/uploads\/2018\/02\/2273bb6c-19f2-4455-9ae0-9cfeeffd6c38.jpg 1200w\" sizes=\"(max-width: 639px) 100vw, 639px\" \/><\/a><\/td>\n<\/tr>\n<\/tbody>\n<\/table>\n<p><a href=\"http:\/\/www.bowipumps.be\/wp-content\/uploads\/2018\/02\/AQ78FR_73_74.pdf\">Lisez tout l&rsquo;article<\/a><\/p>\n","protected":false},"excerpt":{"rendered":"<p>Bowi Pumps &amp; Levels est une soci\u00e9t\u00e9 sp\u00e9cialis\u00e9e dans le contr\u00f4le des fluides, plus particuli\u00e8rement la s\u00e9lection, le dimensionnement et la fourniture de pompes, vannes, vannes de r\u00e9gulation et l&rsquo;instrumentation. Des simples composants aux solutions cl\u00e9s en main, des liquides neutres aux solutions corrosives, abrasives, antid\u00e9flagrantes et autres, y compris si n\u00e9cessaire, le pr\u00e9-assemblage, le [&hellip;]<\/p>\n","protected":false},"author":1,"featured_media":0,"parent":0,"menu_order":0,"comment_status":"closed","ping_status":"closed","template":"","meta":[],"yoast_head":"<!-- This site is optimized with the Yoast SEO plugin v16.1.1 - https:\/\/yoast.com\/wordpress\/plugins\/seo\/ -->\n<title>A propos de nous - BOWI Pumps &amp; Levels bvba<\/title>\n<link rel=\"canonical\" href=\"https:\/\/www.bowipumps.be\/fr\/over-ons-4\/\" \/>\n<meta property=\"og:locale\" content=\"fr_FR\" \/>\n<meta property=\"og:type\" content=\"article\" \/>\n<meta property=\"og:title\" content=\"A propos de nous - BOWI Pumps &amp; Levels bvba\" \/>\n<meta property=\"og:description\" content=\"Bowi Pumps &amp; Levels est une soci\u00e9t\u00e9 sp\u00e9cialis\u00e9e dans le contr\u00f4le des fluides, plus particuli\u00e8rement la s\u00e9lection, le dimensionnement et la fourniture de pompes, vannes, vannes de r\u00e9gulation et l&rsquo;instrumentation. Des simples composants aux solutions cl\u00e9s en main, des liquides neutres aux solutions corrosives, abrasives, antid\u00e9flagrantes et autres, y compris si n\u00e9cessaire, le pr\u00e9-assemblage, le [&hellip;]\" \/>\n<meta property=\"og:url\" content=\"https:\/\/www.bowipumps.be\/fr\/over-ons-4\/\" \/>\n<meta property=\"og:site_name\" content=\"BOWI Pumps &amp; Levels bvba\" \/>\n<meta property=\"article:modified_time\" content=\"2018-02-14T12:48:36+00:00\" \/>\n<meta property=\"og:image\" content=\"http:\/\/www.bowipumps.be\/wp-content\/uploads\/2018\/02\/2273bb6c-19f2-4455-9ae0-9cfeeffd6c38-300x122.jpg\" \/>\n<meta name=\"twitter:card\" content=\"summary\" \/>\n<meta name=\"twitter:label1\" content=\"Dur\u00e9e de lecture est.\">\n\t<meta name=\"twitter:data1\" content=\"1 minute\">\n<script type=\"application\/ld+json\" class=\"yoast-schema-graph\">{\"@context\":\"https:\/\/schema.org\",\"@graph\":[{\"@type\":\"WebSite\",\"@id\":\"https:\/\/www.bowipumps.be\/#website\",\"url\":\"https:\/\/www.bowipumps.be\/\",\"name\":\"BOWI Pumps &amp; Levels bvba\",\"description\":\"\",\"potentialAction\":[{\"@type\":\"SearchAction\",\"target\":\"https:\/\/www.bowipumps.be\/?s={search_term_string}\",\"query-input\":\"required name=search_term_string\"}],\"inLanguage\":\"fr-FR\"},{\"@type\":\"ImageObject\",\"@id\":\"https:\/\/www.bowipumps.be\/fr\/over-ons-4\/#primaryimage\",\"inLanguage\":\"fr-FR\",\"url\":\"http:\/\/www.bowipumps.be\/wp-content\/uploads\/2018\/02\/2273bb6c-19f2-4455-9ae0-9cfeeffd6c38-300x122.jpg\",\"contentUrl\":\"http:\/\/www.bowipumps.be\/wp-content\/uploads\/2018\/02\/2273bb6c-19f2-4455-9ae0-9cfeeffd6c38-300x122.jpg\"},{\"@type\":\"WebPage\",\"@id\":\"https:\/\/www.bowipumps.be\/fr\/over-ons-4\/#webpage\",\"url\":\"https:\/\/www.bowipumps.be\/fr\/over-ons-4\/\",\"name\":\"A propos de nous - BOWI Pumps &amp; Levels bvba\",\"isPartOf\":{\"@id\":\"https:\/\/www.bowipumps.be\/#website\"},\"primaryImageOfPage\":{\"@id\":\"https:\/\/www.bowipumps.be\/fr\/over-ons-4\/#primaryimage\"},\"datePublished\":\"2015-10-15T12:46:32+00:00\",\"dateModified\":\"2018-02-14T12:48:36+00:00\",\"breadcrumb\":{\"@id\":\"https:\/\/www.bowipumps.be\/fr\/over-ons-4\/#breadcrumb\"},\"inLanguage\":\"fr-FR\",\"potentialAction\":[{\"@type\":\"ReadAction\",\"target\":[\"https:\/\/www.bowipumps.be\/fr\/over-ons-4\/\"]}]},{\"@type\":\"BreadcrumbList\",\"@id\":\"https:\/\/www.bowipumps.be\/fr\/over-ons-4\/#breadcrumb\",\"itemListElement\":[{\"@type\":\"ListItem\",\"position\":1,\"item\":{\"@type\":\"WebPage\",\"@id\":\"https:\/\/www.bowipumps.be\/fr\/\",\"url\":\"https:\/\/www.bowipumps.be\/fr\/\",\"name\":\"Home\"}},{\"@type\":\"ListItem\",\"position\":2,\"item\":{\"@type\":\"WebPage\",\"@id\":\"https:\/\/www.bowipumps.be\/fr\/over-ons-4\/\",\"url\":\"https:\/\/www.bowipumps.be\/fr\/over-ons-4\/\",\"name\":\"A propos de nous\"}}]}]}<\/script>\n<!-- \/ Yoast SEO plugin. -->","_links":{"self":[{"href":"https:\/\/www.bowipumps.be\/fr\/wp-json\/wp\/v2\/pages\/157"}],"collection":[{"href":"https:\/\/www.bowipumps.be\/fr\/wp-json\/wp\/v2\/pages"}],"about":[{"href":"https:\/\/www.bowipumps.be\/fr\/wp-json\/wp\/v2\/types\/page"}],"author":[{"embeddable":true,"href":"https:\/\/www.bowipumps.be\/fr\/wp-json\/wp\/v2\/users\/1"}],"replies":[{"embeddable":true,"href":"https:\/\/www.bowipumps.be\/fr\/wp-json\/wp\/v2\/comments?post=157"}],"version-history":[{"count":15,"href":"https:\/\/www.bowipumps.be\/fr\/wp-json\/wp\/v2\/pages\/157\/revisions"}],"predecessor-version":[{"id":1082,"href":"https:\/\/www.bowipumps.be\/fr\/wp-json\/wp\/v2\/pages\/157\/revisions\/1082"}],"wp:attachment":[{"href":"https:\/\/www.bowipumps.be\/fr\/wp-json\/wp\/v2\/media?parent=157"}],"curies":[{"name":"wp","href":"https:\/\/api.w.org\/{rel}","templated":true}]}}